{"id":6200,"date":"2024-01-24T11:58:26","date_gmt":"2024-01-24T10:58:26","guid":{"rendered":"https:\/\/comoresvanille.fr\/?page_id=6200"},"modified":"2024-02-05T10:24:13","modified_gmt":"2024-02-05T09:24:13","slug":"a-propos","status":"publish","type":"page","link":"https:\/\/comoresvanille.fr\/fr\/a-propos\/","title":{"rendered":"\u00c0 Propos"},"content":{"rendered":"\t\t<div data-elementor-type=\"wp-page\" data-elementor-id=\"6200\" class=\"elementor elementor-6200\">\n\t\t\t\t<div class=\"elementor-element elementor-element-a33koi2 animated-slow e-flex e-con-boxed elementor-invisible e-con e-parent\" data-id=\"a33koi2\" data-element_type=\"container\" data-settings=\"{&quot;background_background&quot;:&quot;classic&quot;,&quot;animation&quot;:&quot;fadeIn&quot;,&quot;animation_delay&quot;:200}\">\n\t\t\t\t\t<div class=\"e-con-inner\">\n\t\t<div class=\"elementor-element elementor-element-edd70a4 e-con-full e-flex e-con e-child\" data-id=\"edd70a4\" data-element_type=\"container\">\n\t\t\t\t<div class=\"elementor-element elementor-element-4e873bb animated-slow elementor-invisible elementor-widget elementor-widget-image-box\" data-id=\"4e873bb\" data-element_type=\"widget\" data-settings=\"{&quot;_animation&quot;:&quot;fadeIn&quot;,&quot;_animation_delay&quot;:500}\" data-widget_type=\"image-box.default\">\n\t\t\t\t<div class=\"elementor-widget-container\">\n\t\t\t\t\t<div class=\"elementor-image-box-wrapper\"><div class=\"elementor-image-box-content\"><h1 class=\"elementor-image-box-title\">\u00e0 propos<\/h1><p class=\"elementor-image-box-description\">Comores Vanille, c'est une vanille haut de gamme, saine, issu du savoir-faire ancestral des cultivateurs des Comores. Nous proposons \u00e9galement une large gamme de produits artisanaux 100% naturel, sans aucun ajout de substance chimique.<\/p><\/div><\/div>\t\t\t\t<\/div>\n\t\t\t\t<\/div>\n\t\t\t\t<\/div>\n\t\t\t\t\t<\/div>\n\t\t\t\t<\/div>\n\t\t<div class=\"elementor-element elementor-element-3z2w2tj e-flex e-con-boxed e-con e-parent\" data-id=\"3z2w2tj\" data-element_type=\"container\" data-settings=\"{&quot;background_background&quot;:&quot;classic&quot;}\">\n\t\t\t\t\t<div class=\"e-con-inner\">\n\t\t<div class=\"elementor-element elementor-element-258bb09 e-con-full elementor-hidden-mobile e-flex e-con e-child\" data-id=\"258bb09\" data-element_type=\"container\">\n\t\t<div class=\"elementor-element elementor-element-bdc9957 e-con-full e-flex e-con e-child\" data-id=\"bdc9957\" data-element_type=\"container\">\n\t\t<div class=\"elementor-element elementor-element-992f860 e-con-full e-flex e-con e-child\" data-id=\"992f860\" data-element_type=\"container\">\n\t\t\t\t<div class=\"elementor-element elementor-element-bd94b13 animated-slow elementor-invisible elementor-widget elementor-widget-image\" data-id=\"bd94b13\" data-element_type=\"widget\" data-settings=\"{&quot;_animation&quot;:&quot;fadeInUp&quot;,&quot;_animation_delay&quot;:200}\" data-widget_type=\"image.default\">\n\t\t\t\t<div class=\"elementor-widget-container\">\n\t\t\t\t\t\t\t\t\t\t\t\t<figure class=\"wp-caption\">\n\t\t\t\t\t\t\t\t\t\t<img fetchpriority=\"high\" decoding=\"async\" width=\"608\" height=\"816\" src=\"https:\/\/comoresvanille.fr\/wp-content\/uploads\/2024\/01\/panier-comorien1.jpeg\" class=\"attachment-large size-large wp-image-6650\" alt=\"\" srcset=\"https:\/\/comoresvanille.fr\/wp-content\/uploads\/2024\/01\/panier-comorien1.jpeg 608w, https:\/\/comoresvanille.fr\/wp-content\/uploads\/2024\/01\/panier-comorien1-300x403.jpeg 300w\" sizes=\"(max-width: 608px) 100vw, 608px\" \/>\t\t\t\t\t\t\t\t\t\t\t<figcaption class=\"widget-image-caption wp-caption-text\"><\/figcaption>\n\t\t\t\t\t\t\t\t\t\t<\/figure>\n\t\t\t\t\t\t\t\t\t<\/div>\n\t\t\t\t<\/div>\n\t\t\t\t<\/div>\n\t\t<div class=\"elementor-element elementor-element-3027fc2 e-con-full e-flex e-con e-child\" data-id=\"3027fc2\" data-element_type=\"container\">\n\t\t\t\t<div class=\"elementor-element elementor-element-db55aea animated-slow elementor-invisible elementor-widget elementor-widget-image\" data-id=\"db55aea\" data-element_type=\"widget\" data-settings=\"{&quot;_animation&quot;:&quot;fadeInUp&quot;,&quot;_animation_delay&quot;:400}\" data-widget_type=\"image.default\">\n\t\t\t\t<div class=\"elementor-widget-container\">\n\t\t\t\t\t\t\t\t\t\t\t\t<figure class=\"wp-caption\">\n\t\t\t\t\t\t\t\t\t\t<img decoding=\"async\" width=\"300\" height=\"300\" src=\"https:\/\/comoresvanille.fr\/wp-content\/uploads\/2024\/01\/vanille-non-fendue.jpeg\" class=\"attachment-large size-large wp-image-6229\" alt=\"\" \/>\t\t\t\t\t\t\t\t\t\t\t<figcaption class=\"widget-image-caption wp-caption-text\"><\/figcaption>\n\t\t\t\t\t\t\t\t\t\t<\/figure>\n\t\t\t\t\t\t\t\t\t<\/div>\n\t\t\t\t<\/div>\n\t\t\t\t<\/div>\n\t\t\t\t<\/div>\n\t\t\t\t<\/div>\n\t\t<div class=\"elementor-element elementor-element-e643ac1 e-con-full e-flex e-con e-child\" data-id=\"e643ac1\" data-element_type=\"container\">\n\t\t<div class=\"elementor-element elementor-element-a0dcf7a e-flex e-con-boxed e-con e-child\" data-id=\"a0dcf7a\" data-element_type=\"container\" data-settings=\"{&quot;background_background&quot;:&quot;classic&quot;}\">\n\t\t\t\t\t<div class=\"e-con-inner\">\n\t\t\t\t<div class=\"elementor-element elementor-element-615886b animated-slow elementor-vertical-align-top elementor-invisible elementor-widget elementor-widget-image-box\" data-id=\"615886b\" data-element_type=\"widget\" data-settings=\"{&quot;_animation&quot;:&quot;fadeIn&quot;,&quot;_animation_delay&quot;:600}\" data-widget_type=\"image-box.default\">\n\t\t\t\t<div class=\"elementor-widget-container\">\n\t\t\t\t\t<div class=\"elementor-image-box-wrapper\"><div class=\"elementor-image-box-content\"><h2 class=\"elementor-image-box-title\">Qui sommes-nous?<\/h2><p class=\"elementor-image-box-description\">Comores vanille est une soci\u00e9t\u00e9 fond\u00e9e par un jeune couple franco-comorien dont le projet est de faire d\u00e9couvrir la vanille de la Grande Comores. La production de la vanille est une histoire de famille initi\u00e9e par nos parents. Ils nous ont transmis leur savoir-faire pour une production traditionnelle et artisanale qui nous permet de vous pr\u00e9senter une vanille de qualit\u00e9 et 100% naturelle.<br><br>\n\nNotre vanille est cultiv\u00e9e dans la r\u00e9gion de Mitsamiouli sur les terrains familiaux.<\/p><\/div><\/div>\t\t\t\t<\/div>\n\t\t\t\t<\/div>\n\t\t\t\t<div class=\"elementor-element elementor-element-42f1a58 animated-slow elementor-invisible elementor-widget elementor-widget-text-editor\" data-id=\"42f1a58\" data-element_type=\"widget\" data-settings=\"{&quot;_animation&quot;:&quot;fadeIn&quot;,&quot;_animation_delay&quot;:800}\" data-widget_type=\"text-editor.default\">\n\t\t\t\t<div class=\"elementor-widget-container\">\n\t\t\t\t\t\t\t\t\t<p>Notre mission est de vous proposer diff\u00e9rentes gammes de vanilles avec une garantie d&rsquo;une vanille de qualit\u00e9, parfum\u00e9e, robuste.<\/p>\t\t\t\t\t\t\t\t<\/div>\n\t\t\t\t<\/div>\n\t\t\t\t\t<\/div>\n\t\t\t\t<\/div>\n\t\t\t\t<\/div>\n\t\t\t\t\t<\/div>\n\t\t\t\t<\/div>\n\t\t<div class=\"elementor-element elementor-element-ls8paru e-flex e-con-boxed e-con e-parent\" data-id=\"ls8paru\" data-element_type=\"container\" data-settings=\"{&quot;animation&quot;:&quot;none&quot;}\">\n\t\t\t\t\t<div class=\"e-con-inner\">\n\t\t<div class=\"elementor-element elementor-element-a087693 e-con-full e-flex e-con e-child\" data-id=\"a087693\" data-element_type=\"container\">\n\t\t\t\t<div class=\"elementor-element elementor-element-898c1d3 animated-slow elementor-invisible elementor-widget elementor-widget-image-box\" data-id=\"898c1d3\" data-element_type=\"widget\" data-settings=\"{&quot;_animation&quot;:&quot;fadeIn&quot;,&quot;_animation_delay&quot;:500}\" data-widget_type=\"image-box.default\">\n\t\t\t\t<div class=\"elementor-widget-container\">\n\t\t\t\t\t<div class=\"elementor-image-box-wrapper\"><div class=\"elementor-image-box-content\"><h2 class=\"elementor-image-box-title\">Comment est r\u00e9colt\u00e9e notre vanille? <\/h2><p class=\"elementor-image-box-description\">De l\u2019ensemencement \u00e0 la r\u00e9colte, nous nous sommes engag\u00e9s \u00e0 respecter les m\u00e9thodes traditionnelles de culture de notre vanille. R\u00e9colter \u00e0 la main et s\u00e9cher au soleil, c'est la garantie de la sauvegarde de la culture traditionnelle de la vanille, gage de qualit\u00e9.<\/p><\/div><\/div>\t\t\t\t<\/div>\n\t\t\t\t<\/div>\n\t\t\t\t<\/div>\n\t\t\t\t\t<\/div>\n\t\t\t\t<\/div>\n\t\t<div class=\"elementor-element elementor-element-zzaiuz6 e-flex e-con-boxed e-con e-parent\" data-id=\"zzaiuz6\" data-element_type=\"container\">\n\t\t\t\t\t<div class=\"e-con-inner\">\n\t\t<div class=\"elementor-element elementor-element-e5c6b19 e-con-full animated-slow e-flex elementor-invisible e-con e-child\" data-id=\"e5c6b19\" data-element_type=\"container\" data-settings=\"{&quot;animation&quot;:&quot;fadeInUp&quot;,&quot;animation_delay&quot;:200}\">\n\t\t<div class=\"elementor-element elementor-element-36b7916 e-con-full e-flex e-con e-child\" data-id=\"36b7916\" data-element_type=\"container\" data-settings=\"{&quot;background_background&quot;:&quot;classic&quot;}\">\n\t\t<div class=\"elementor-element elementor-element-97e2a08 e-con-full e-flex e-con e-child\" data-id=\"97e2a08\" data-element_type=\"container\" data-settings=\"{&quot;background_background&quot;:&quot;classic&quot;}\">\n\t\t\t\t<div class=\"elementor-element elementor-element-fe13f6b elementor-widget elementor-widget-image\" data-id=\"fe13f6b\" data-element_type=\"widget\" data-widget_type=\"image.default\">\n\t\t\t\t<div class=\"elementor-widget-container\">\n\t\t\t\t\t\t\t\t\t\t\t\t\t\t\t<img decoding=\"async\" width=\"608\" height=\"816\" src=\"https:\/\/comoresvanille.fr\/wp-content\/uploads\/2024\/01\/production-1.jpeg\" class=\"attachment-full size-full wp-image-6822\" alt=\"\" srcset=\"https:\/\/comoresvanille.fr\/wp-content\/uploads\/2024\/01\/production-1.jpeg 608w, https:\/\/comoresvanille.fr\/wp-content\/uploads\/2024\/01\/production-1-300x403.jpeg 300w\" sizes=\"(max-width: 608px) 100vw, 608px\" \/>\t\t\t\t\t\t\t\t\t\t\t\t\t\t\t<\/div>\n\t\t\t\t<\/div>\n\t\t\t\t<\/div>\n\t\t<div class=\"elementor-element elementor-element-66c65e1 e-con-full e-flex e-con e-child\" data-id=\"66c65e1\" data-element_type=\"container\" data-settings=\"{&quot;background_background&quot;:&quot;classic&quot;}\">\n\t\t\t\t<div class=\"elementor-element elementor-element-4c09efa elementor-widget elementor-widget-text-editor\" data-id=\"4c09efa\" data-element_type=\"widget\" data-widget_type=\"text-editor.default\">\n\t\t\t\t<div class=\"elementor-widget-container\">\n\t\t\t\t\t\t\t\t\t1. Pollinisation \u00e0 la main par les membres de la famille.\t\t\t\t\t\t\t\t<\/div>\n\t\t\t\t<\/div>\n\t\t\t\t<\/div>\n\t\t\t\t<\/div>\n\t\t\t\t<\/div>\n\t\t<div class=\"elementor-element elementor-element-98cd578 e-con-full animated-slow e-flex elementor-invisible e-con e-child\" data-id=\"98cd578\" data-element_type=\"container\" data-settings=\"{&quot;animation&quot;:&quot;fadeInUp&quot;,&quot;animation_delay&quot;:400}\">\n\t\t<div class=\"elementor-element elementor-element-9ccd64d e-con-full e-flex e-con e-child\" data-id=\"9ccd64d\" data-element_type=\"container\" data-settings=\"{&quot;background_background&quot;:&quot;classic&quot;}\">\n\t\t<div class=\"elementor-element elementor-element-e967dfd e-con-full e-flex e-con e-child\" data-id=\"e967dfd\" data-element_type=\"container\" data-settings=\"{&quot;background_background&quot;:&quot;classic&quot;}\">\n\t\t\t\t<div class=\"elementor-element elementor-element-7e35ee1 elementor-widget elementor-widget-image\" data-id=\"7e35ee1\" data-element_type=\"widget\" data-widget_type=\"image.default\">\n\t\t\t\t<div class=\"elementor-widget-container\">\n\t\t\t\t\t\t\t\t\t\t\t\t\t\t\t<img loading=\"lazy\" decoding=\"async\" width=\"810\" height=\"1080\" src=\"https:\/\/comoresvanille.fr\/wp-content\/uploads\/2024\/01\/trampage-de-gousse.jpeg\" class=\"attachment-full size-full wp-image-6823\" alt=\"\" srcset=\"https:\/\/comoresvanille.fr\/wp-content\/uploads\/2024\/01\/trampage-de-gousse.jpeg 810w, https:\/\/comoresvanille.fr\/wp-content\/uploads\/2024\/01\/trampage-de-gousse-300x400.jpeg 300w\" sizes=\"(max-width: 810px) 100vw, 810px\" \/>\t\t\t\t\t\t\t\t\t\t\t\t\t\t\t<\/div>\n\t\t\t\t<\/div>\n\t\t\t\t<\/div>\n\t\t<div class=\"elementor-element elementor-element-8f3b183 e-con-full e-flex e-con e-child\" data-id=\"8f3b183\" data-element_type=\"container\" data-settings=\"{&quot;background_background&quot;:&quot;classic&quot;}\">\n\t\t\t\t<div class=\"elementor-element elementor-element-4d9754a elementor-widget elementor-widget-text-editor\" data-id=\"4d9754a\" data-element_type=\"widget\" data-widget_type=\"text-editor.default\">\n\t\t\t\t<div class=\"elementor-widget-container\">\n\t\t\t\t\t\t\t\t\t<p>2. Echaudage (trempage des gousses vertes dans de l\u2019eau chaude).<\/p>\t\t\t\t\t\t\t\t<\/div>\n\t\t\t\t<\/div>\n\t\t\t\t<\/div>\n\t\t\t\t<\/div>\n\t\t\t\t<\/div>\n\t\t\t\t\t<\/div>\n\t\t\t\t<\/div>\n\t\t<div class=\"elementor-element elementor-element-0b70537 e-flex e-con-boxed e-con e-parent\" data-id=\"0b70537\" data-element_type=\"container\">\n\t\t\t\t\t<div class=\"e-con-inner\">\n\t\t<div class=\"elementor-element elementor-element-febf45d e-con-full animated-slow e-flex elementor-invisible e-con e-child\" data-id=\"febf45d\" data-element_type=\"container\" data-settings=\"{&quot;animation&quot;:&quot;fadeInUp&quot;,&quot;animation_delay&quot;:600}\">\n\t\t<div class=\"elementor-element elementor-element-2ea783b e-con-full e-flex e-con e-child\" data-id=\"2ea783b\" data-element_type=\"container\" data-settings=\"{&quot;background_background&quot;:&quot;classic&quot;}\">\n\t\t<div class=\"elementor-element elementor-element-ad007bc e-con-full e-flex e-con e-child\" data-id=\"ad007bc\" data-element_type=\"container\" data-settings=\"{&quot;background_background&quot;:&quot;classic&quot;}\">\n\t\t\t\t<div class=\"elementor-element elementor-element-d35d54c elementor-widget elementor-widget-text-editor\" data-id=\"d35d54c\" data-element_type=\"widget\" data-widget_type=\"text-editor.default\">\n\t\t\t\t<div class=\"elementor-widget-container\">\n\t\t\t\t\t\t\t\t\t<p>3. Etuvage (la vanille est recouverte d\u2019une toile de jute pendant 48h pour qu\u2019elle sue prenne sa couleur noire).<\/p>\t\t\t\t\t\t\t\t<\/div>\n\t\t\t\t<\/div>\n\t\t\t\t<\/div>\n\t\t\t\t<\/div>\n\t\t\t\t<\/div>\n\t\t<div class=\"elementor-element elementor-element-6bec980 e-con-full animated-slow e-flex elementor-invisible e-con e-child\" data-id=\"6bec980\" data-element_type=\"container\" data-settings=\"{&quot;animation&quot;:&quot;fadeInUp&quot;,&quot;animation_delay&quot;:800}\">\n\t\t<div class=\"elementor-element elementor-element-66fd1f9 e-con-full animated-slow e-flex elementor-invisible e-con e-child\" data-id=\"66fd1f9\" data-element_type=\"container\" data-settings=\"{&quot;background_background&quot;:&quot;classic&quot;,&quot;animation&quot;:&quot;fadeInUp&quot;,&quot;animation_delay&quot;:600}\">\n\t\t<div class=\"elementor-element elementor-element-2229e45 e-con-full e-flex e-con e-child\" data-id=\"2229e45\" data-element_type=\"container\" data-settings=\"{&quot;background_background&quot;:&quot;classic&quot;}\">\n\t\t\t\t<div class=\"elementor-element elementor-element-1fb7b2b elementor-widget elementor-widget-image\" data-id=\"1fb7b2b\" data-element_type=\"widget\" data-widget_type=\"image.default\">\n\t\t\t\t<div class=\"elementor-widget-container\">\n\t\t\t\t\t\t\t\t\t\t\t\t\t\t\t<img loading=\"lazy\" decoding=\"async\" width=\"608\" height=\"816\" src=\"https:\/\/comoresvanille.fr\/wp-content\/uploads\/2024\/01\/production-5.jpeg\" class=\"attachment-full size-full wp-image-6825\" alt=\"\" srcset=\"https:\/\/comoresvanille.fr\/wp-content\/uploads\/2024\/01\/production-5.jpeg 608w, https:\/\/comoresvanille.fr\/wp-content\/uploads\/2024\/01\/production-5-300x403.jpeg 300w\" sizes=\"(max-width: 608px) 100vw, 608px\" \/>\t\t\t\t\t\t\t\t\t\t\t\t\t\t\t<\/div>\n\t\t\t\t<\/div>\n\t\t\t\t<\/div>\n\t\t<div class=\"elementor-element elementor-element-2851b82 e-con-full e-flex e-con e-child\" data-id=\"2851b82\" data-element_type=\"container\" data-settings=\"{&quot;background_background&quot;:&quot;classic&quot;}\">\n\t\t\t\t<div class=\"elementor-element elementor-element-3600a3d elementor-widget elementor-widget-text-editor\" data-id=\"3600a3d\" data-element_type=\"widget\" data-widget_type=\"text-editor.default\">\n\t\t\t\t<div class=\"elementor-widget-container\">\n\t\t\t\t\t\t\t\t\t<p>4. S\u00e9chage (en ext\u00e9rieur au soleil et \u00e0 l\u2019ombre pendant plusieurs semaines selon la m\u00e9t\u00e9o).<\/p>\t\t\t\t\t\t\t\t<\/div>\n\t\t\t\t<\/div>\n\t\t\t\t<\/div>\n\t\t\t\t<\/div>\n\t\t\t\t<\/div>\n\t\t\t\t\t<\/div>\n\t\t\t\t<\/div>\n\t\t<div class=\"elementor-element elementor-element-t01a8ad e-flex e-con-boxed e-con e-parent\" data-id=\"t01a8ad\" data-element_type=\"container\">\n\t\t\t\t\t<div class=\"e-con-inner\">\n\t\t<div class=\"elementor-element elementor-element-aa84531 e-con-full animated-slow e-flex elementor-invisible e-con e-child\" data-id=\"aa84531\" data-element_type=\"container\" data-settings=\"{&quot;animation&quot;:&quot;fadeInUp&quot;,&quot;animation_delay&quot;:1000}\">\n\t\t<div class=\"elementor-element elementor-element-3b514ed e-con-full e-flex e-con e-child\" data-id=\"3b514ed\" data-element_type=\"container\" data-settings=\"{&quot;background_background&quot;:&quot;classic&quot;}\">\n\t\t<div class=\"elementor-element elementor-element-e94d3af e-con-full e-flex e-con e-child\" data-id=\"e94d3af\" data-element_type=\"container\">\n\t\t\t\t<div class=\"elementor-element elementor-element-d9647a1 elementor-widget__width-inherit elementor-widget elementor-widget-image\" data-id=\"d9647a1\" data-element_type=\"widget\" data-widget_type=\"image.default\">\n\t\t\t\t<div class=\"elementor-widget-container\">\n\t\t\t\t\t\t\t\t\t\t\t\t\t\t\t<img loading=\"lazy\" decoding=\"async\" width=\"608\" height=\"816\" src=\"https:\/\/comoresvanille.fr\/wp-content\/uploads\/2024\/02\/AFFINAGE.jpeg\" class=\"attachment-full size-full wp-image-6913\" alt=\"\" srcset=\"https:\/\/comoresvanille.fr\/wp-content\/uploads\/2024\/02\/AFFINAGE.jpeg 608w, https:\/\/comoresvanille.fr\/wp-content\/uploads\/2024\/02\/AFFINAGE-300x403.jpeg 300w\" sizes=\"(max-width: 608px) 100vw, 608px\" \/>\t\t\t\t\t\t\t\t\t\t\t\t\t\t\t<\/div>\n\t\t\t\t<\/div>\n\t\t\t\t<\/div>\n\t\t<div class=\"elementor-element elementor-element-3ec5ae1 e-con-full e-flex e-con e-child\" data-id=\"3ec5ae1\" data-element_type=\"container\" data-settings=\"{&quot;background_background&quot;:&quot;classic&quot;}\">\n\t\t\t\t<div class=\"elementor-element elementor-element-de4e1ee elementor-widget elementor-widget-text-editor\" data-id=\"de4e1ee\" data-element_type=\"widget\" data-widget_type=\"text-editor.default\">\n\t\t\t\t<div class=\"elementor-widget-container\">\n\t\t\t\t\t\t\t\t\t5. Affinage (Les gousses sont v\u00e9rifi\u00e9es et tri\u00e9es selon leur cat\u00e9gorie : fendues ou non fendues gousses entrepos\u00e9es plusieurs semaines dans des caisses tapiss\u00e9es de papier sulfuris\u00e9 pour d\u00e9velopper le taux de vanilline).\t\t\t\t\t\t\t\t<\/div>\n\t\t\t\t<\/div>\n\t\t\t\t<\/div>\n\t\t\t\t<\/div>\n\t\t\t\t<\/div>\n\t\t<div class=\"elementor-element elementor-element-8ab3607 e-con-full animated-slow e-flex elementor-invisible e-con e-child\" data-id=\"8ab3607\" data-element_type=\"container\" data-settings=\"{&quot;animation&quot;:&quot;fadeInUp&quot;,&quot;animation_delay&quot;:1200}\">\n\t\t<div class=\"elementor-element elementor-element-8b4b4f5 e-con-full e-flex e-con e-child\" data-id=\"8b4b4f5\" data-element_type=\"container\" data-settings=\"{&quot;background_background&quot;:&quot;classic&quot;}\">\n\t\t<div class=\"elementor-element elementor-element-9824033 e-con-full animated-slow e-flex e-con e-child\" data-id=\"9824033\" data-element_type=\"container\" data-settings=\"{&quot;animation&quot;:&quot;none&quot;,&quot;animation_delay&quot;:1200}\">\n\t\t\t\t<div class=\"elementor-element elementor-element-c27de5a elementor-widget__width-inherit elementor-widget elementor-widget-image\" data-id=\"c27de5a\" data-element_type=\"widget\" data-widget_type=\"image.default\">\n\t\t\t\t<div class=\"elementor-widget-container\">\n\t\t\t\t\t\t\t\t\t\t\t\t\t\t\t<img loading=\"lazy\" decoding=\"async\" width=\"608\" height=\"816\" src=\"https:\/\/comoresvanille.fr\/wp-content\/uploads\/2024\/02\/CALIBRAGE.jpeg\" class=\"attachment-full size-full wp-image-6912\" alt=\"\" srcset=\"https:\/\/comoresvanille.fr\/wp-content\/uploads\/2024\/02\/CALIBRAGE.jpeg 608w, https:\/\/comoresvanille.fr\/wp-content\/uploads\/2024\/02\/CALIBRAGE-300x403.jpeg 300w\" sizes=\"(max-width: 608px) 100vw, 608px\" \/>\t\t\t\t\t\t\t\t\t\t\t\t\t\t\t<\/div>\n\t\t\t\t<\/div>\n\t\t\t\t<\/div>\n\t\t<div class=\"elementor-element elementor-element-35a918d e-con-full animated-slow e-flex e-con e-child\" data-id=\"35a918d\" data-element_type=\"container\" data-settings=\"{&quot;background_background&quot;:&quot;classic&quot;,&quot;animation&quot;:&quot;none&quot;,&quot;animation_delay&quot;:1200}\">\n\t\t\t\t<div class=\"elementor-element elementor-element-a85389a elementor-widget elementor-widget-text-editor\" data-id=\"a85389a\" data-element_type=\"widget\" data-widget_type=\"text-editor.default\">\n\t\t\t\t<div class=\"elementor-widget-container\">\n\t\t\t\t\t\t\t\t\t6. Mesurage (calibrage des gousses en fonction de leur taille).\t\t\t\t\t\t\t\t<\/div>\n\t\t\t\t<\/div>\n\t\t\t\t<\/div>\n\t\t\t\t<\/div>\n\t\t\t\t<\/div>\n\t\t\t\t\t<\/div>\n\t\t\t\t<\/div>\n\t\t\t\t<\/div>\n\t\t","protected":false},"excerpt":{"rendered":"<p>\u00e0 propos Comores Vanille, c&rsquo;est une vanille haut de gamme, saine, issu du savoir-faire ancestral des cultivateurs des Comores. Nous proposons \u00e9galement une large gamme de produits artisanaux 100% naturel, sans aucun ajout de substance chimique. Qui sommes-nous? Comores vanille est une soci\u00e9t\u00e9 fond\u00e9e par un jeune couple franco-comorien dont le projet est de faire [&hellip;]<\/p>\n","protected":false},"author":1,"featured_media":0,"parent":0,"menu_order":0,"comment_status":"closed","ping_status":"closed","template":"","meta":{"site-sidebar-layout":"no-sidebar","site-content-layout":"page-builder","ast-site-content-layout":"full-width-container","site-content-style":"default","site-sidebar-style":"default","ast-global-header-display":"","ast-banner-title-visibility":"","ast-main-header-display":"","ast-hfb-above-header-display":"","ast-hfb-below-header-display":"","ast-hfb-mobile-header-display":"","site-post-title":"disabled","ast-breadcrumbs-content":"","ast-featured-img":"disabled","footer-sml-layout":"","theme-transparent-header-meta":"","adv-header-id-meta":"","stick-header-meta":"","header-above-stick-meta":"","header-main-stick-meta":"","header-below-stick-meta":"","astra-migrate-meta-layouts":"set","ast-page-background-enabled":"default","ast-page-background-meta":{"desktop":{"background-color":"","background-image":"","background-repeat":"repeat","background-position":"center center","background-size":"auto","background-attachment":"scroll","background-type":"","background-media":"","overlay-type":"","overlay-color":"","overlay-gradient":""},"tablet":{"background-color":"","background-image":"","background-repeat":"repeat","background-position":"center center","background-size":"auto","background-attachment":"scroll","background-type":"","background-media":"","overlay-type":"","overlay-color":"","overlay-gradient":""},"mobile":{"background-color":"","background-image":"","background-repeat":"repeat","background-position":"center center","background-size":"auto","background-attachment":"scroll","background-type":"","background-media":"","overlay-type":"","overlay-color":"","overlay-gradient":""}},"ast-content-background-meta":{"desktop":{"background-color":"var(--ast-global-color-5)","background-image":"","background-repeat":"repeat","background-position":"center center","background-size":"auto","background-attachment":"scroll","background-type":"","background-media":"","overlay-type":"","overlay-color":"","overlay-gradient":""},"tablet":{"background-color":"var(--ast-global-color-5)","background-image":"","background-repeat":"repeat","background-position":"center center","background-size":"auto","background-attachment":"scroll","background-type":"","background-media":"","overlay-type":"","overlay-color":"","overlay-gradient":""},"mobile":{"background-color":"var(--ast-global-color-5)","background-image":"","background-repeat":"repeat","background-position":"center center","background-size":"auto","background-attachment":"scroll","background-type":"","background-media":"","overlay-type":"","overlay-color":"","overlay-gradient":""}},"footnotes":""},"class_list":["post-6200","page","type-page","status-publish","hentry"],"_links":{"self":[{"href":"https:\/\/comoresvanille.fr\/fr\/wp-json\/wp\/v2\/pages\/6200","targetHints":{"allow":["GET"]}}],"collection":[{"href":"https:\/\/comoresvanille.fr\/fr\/wp-json\/wp\/v2\/pages"}],"about":[{"href":"https:\/\/comoresvanille.fr\/fr\/wp-json\/wp\/v2\/types\/page"}],"author":[{"embeddable":true,"href":"https:\/\/comoresvanille.fr\/fr\/wp-json\/wp\/v2\/users\/1"}],"replies":[{"embeddable":true,"href":"https:\/\/comoresvanille.fr\/fr\/wp-json\/wp\/v2\/comments?post=6200"}],"version-history":[{"count":64,"href":"https:\/\/comoresvanille.fr\/fr\/wp-json\/wp\/v2\/pages\/6200\/revisions"}],"predecessor-version":[{"id":7145,"href":"https:\/\/comoresvanille.fr\/fr\/wp-json\/wp\/v2\/pages\/6200\/revisions\/7145"}],"wp:attachment":[{"href":"https:\/\/comoresvanille.fr\/fr\/wp-json\/wp\/v2\/media?parent=6200"}],"curies":[{"name":"wp","href":"https:\/\/api.w.org\/{rel}","templated":true}]}}